{"id":2359,"date":"2025-12-24T15:15:10","date_gmt":"2025-12-24T15:15:10","guid":{"rendered":"https:\/\/marimika.com\/?page_id=2359"},"modified":"2026-01-02T10:15:35","modified_gmt":"2026-01-02T10:15:35","slug":"politique-de-remboursement","status":"publish","type":"page","link":"https:\/\/marimika.com\/en\/politique-de-remboursement\/","title":{"rendered":"POLITIQUE DE REMBOURSEMENT"},"content":{"rendered":"<div data-elementor-type=\"wp-page\" data-elementor-id=\"2359\" class=\"elementor elementor-2359\" data-elementor-post-type=\"page\">\n\t\t\t\t<div class=\"elementor-element elementor-element-e58dd54 e-con-full e-flex wpr-particle-no wpr-jarallax-no wpr-parallax-no wpr-sticky-section-no e-con e-parent\" data-id=\"e58dd54\" data-element_type=\"container\" data-e-type=\"container\">\n\t\t\t\t<div class=\"elementor-element elementor-element-ce8a715 elementor-widget elementor-widget-html\" data-id=\"ce8a715\" data-element_type=\"widget\" data-e-type=\"widget\" data-widget_type=\"html.default\">\n\t\t\t\t\t<!DOCTYPE html>\r\n<html lang=\"fr\">\r\n<head>\r\n    <meta charset=\"UTF-8\">\r\n    <meta name=\"viewport\" content=\"width=device-width, initial-scale=1.0\">\r\n    <title>Politique de Remboursement - Marimika<\/title>\r\n\r\n    <link href=\"https:\/\/fonts.googleapis.com\/css2?family=Jost:wght@300;400;500;600;700&display=swap\" rel=\"stylesheet\">\r\n\r\n    <style>\r\n        :root {\r\n            --black: #000000;\r\n            --red: #C70000;\r\n            --gray: #444444;\r\n            --light-gray: #E5E5E5;\r\n            --white: #FFFFFF;\r\n            --soft-green: #f0f9f0;\r\n        }\r\n\r\n        * {\r\n            box-sizing: border-box;\r\n        }\r\n\r\n        html {\r\n            scroll-behavior: smooth;\r\n        }\r\n\r\n        body {\r\n            font-family: 'Jost', sans-serif;\r\n            background: var(--white);\r\n            color: var(--black);\r\n            margin: 0;\r\n            overflow-x: hidden;\r\n        }\r\n\r\n        \/* LAYOUT GLOBAL *\/\r\n        .cgv-container {\r\n            display: grid;\r\n            grid-template-columns: 300px 1fr;\r\n            min-height: 100vh;\r\n        }\r\n\r\n        \/* SIDEBAR *\/\r\n        .cgv-sidebar {\r\n            background: var(--white);\r\n            border-right: 1px solid var(--light-gray);\r\n            padding: 60px 30px;\r\n            position: sticky;\r\n            top: 0;\r\n            height: 100vh;\r\n        }\r\n\r\n        .cgv-sidebar h2 {\r\n            font-size: 16px;\r\n            font-weight: 700;\r\n            margin-bottom: 25px;\r\n            text-transform: uppercase;\r\n        }\r\n\r\n        .cgv-sidebar ul {\r\n            list-style: none;\r\n            padding: 0;\r\n            margin: 0;\r\n        }\r\n\r\n        .cgv-sidebar li {\r\n            margin-bottom: 12px;\r\n        }\r\n\r\n        .cgv-sidebar a {\r\n            display: block;\r\n            color: var(--black);\r\n            text-decoration: none;\r\n            font-size: 14px;\r\n            font-weight: 500;\r\n            transition: 0.2s;\r\n        }\r\n\r\n        .cgv-sidebar a:hover {\r\n            color: var(--red);\r\n            transform: translateX(5px);\r\n        }\r\n\r\n        \/* CONTENU PRINCIPAL *\/\r\n        .cgv-main-content {\r\n            padding: 80px 20px;\r\n            display: flex;\r\n            justify-content: center;\r\n        }\r\n\r\n        .cgv-article-wrapper {\r\n            max-width: 850px;\r\n            width: 100%;\r\n            margin: 0 auto;\r\n        }\r\n\r\n        .cgv-title {\r\n            font-size: 42px;\r\n            font-weight: 700;\r\n            margin-bottom: 10px;\r\n            text-transform: uppercase;\r\n        }\r\n\r\n        .subtitle {\r\n            font-size: 1.2rem;\r\n            color: var(--gray);\r\n            margin-bottom: 50px;\r\n        }\r\n\r\n        .cgv-article {\r\n            margin-bottom: 60px;\r\n        }\r\n\r\n        .cgv-article h2 {\r\n            font-size: 22px;\r\n            font-weight: 700;\r\n            color: var(--red);\r\n            margin-bottom: 25px;\r\n            border-bottom: 1px solid var(--light-gray);\r\n            padding-bottom: 10px;\r\n            scroll-margin-top: 40px;\r\n        }\r\n\r\n        .cgv-article p {\r\n            font-size: 16px;\r\n            line-height: 1.8;\r\n            margin-bottom: 15px;\r\n        }\r\n\r\n        \/* CONTACTS *\/\r\n        .contact-grid {\r\n            display: grid;\r\n            grid-template-columns: 1fr 1fr;\r\n            gap: 20px;\r\n            margin: 30px 0;\r\n        }\r\n\r\n        .contact-card {\r\n            background: #F9F9F9;\r\n            padding: 25px;\r\n            border-top: 3px solid var(--red);\r\n            border-radius: 6px;\r\n        }\r\n\r\n        .contact-card h3 {\r\n            margin-top: 0;\r\n            font-size: 18px;\r\n            margin-bottom: 10px;\r\n        }\r\n\r\n        .contact-card a {\r\n            color: var(--red);\r\n            font-weight: 600;\r\n            text-decoration: none;\r\n        }\r\n\r\n        \/* ECO *\/\r\n        .eco-note {\r\n            background: var(--soft-green);\r\n            padding: 30px;\r\n            border-radius: 10px;\r\n            margin-top: 40px;\r\n            border: 1px solid #e0eee0;\r\n        }\r\n\r\n        .signature {\r\n            margin-top: 40px;\r\n            padding-top: 20px;\r\n            border-top: 1px solid var(--light-gray);\r\n            font-style: italic;\r\n        }\r\n\r\n        \/* RESPONSIVE MOBILE *\/\r\n        @media (max-width: 1024px) {\r\n\r\n            .cgv-container {\r\n                grid-template-columns: 1fr;\r\n            }\r\n\r\n            .cgv-sidebar {\r\n                position: relative;\r\n                height: auto;\r\n                border-right: none;\r\n                padding: 30px 20px;\r\n                text-align: center;\r\n            }\r\n\r\n            .cgv-sidebar ul {\r\n                display: inline-block;\r\n                text-align: left;\r\n            }\r\n\r\n            .cgv-main-content {\r\n                padding: 40px 15px;\r\n            }\r\n\r\n            .contact-grid {\r\n                grid-template-columns: 1fr;\r\n            }\r\n\r\n            .cgv-title {\r\n                font-size: 32px;\r\n            }\r\n\r\n            .subtitle {\r\n                font-size: 1rem;\r\n            }\r\n        }\r\n        .cgv-sidebar ul li::marker {\r\n    content: none; \/* Supprime les puces *\/\r\n}\r\n .cgv-sidebar {\r\n        position: relative;\r\n        height: auto;\r\n        border-right: none;\r\n        padding: 30px 20px;\r\n        text-align: left; \/* \ud83d\udc48 align\u00e9 \u00e0 gauche *\/\r\n    }\r\n\r\n    .cgv-sidebar ul {\r\n        display: block;     \/* \ud83d\udc48 plus inline-block *\/\r\n        text-align: left;   \/* \ud83d\udc48 align\u00e9 \u00e0 gauche *\/\r\n    }\r\n    <\/style>\r\n<\/head>\r\n\r\n<body>\r\n\r\n<div class=\"cgv-container\">\r\n\r\n    <aside class=\"cgv-sidebar\">\r\n        <h2>Summary<\/h2>\r\n        <ul id=\"toc-list\"><\/ul>\r\n    <\/aside>\r\n\r\n    <main class=\"cgv-main-content\">\r\n        <div class=\"cgv-article-wrapper\">\r\n\r\n            <header>\r\n                <h1 class=\"cgv-title\">Refund Policy<\/h1>\r\n                <p class=\"subtitle\">Easy exchanges and returns \ud83d\udce6<\/p>\r\n            <\/header>\r\n\r\n            <section class=\"cgv-article\" id=\"procedure\">\r\n                <h2>1. Return procedure<\/h2>\r\n                <p>\r\n                    To exchange or receive a refund, simply return the item(s) in question free of charge\nin their original condition.\r\n                <\/p>\r\n                <p>\r\n                    Use the return label included in your package and write to us at\r\n                    <a href=\"mailto:marimika@marimika.com\" style=\"color: var(--red);\">marimika@marimika.com<\/a>\r\n                    specifying your choice.\r\n                <\/p>\r\n            <\/section>\r\n\r\n            <section class=\"cgv-article\" id=\"contacts\">\r\n                <h2>2. Who to contact?<\/h2>\r\n                <div class=\"contact-grid\">\r\n                    <div class=\"contact-card\">\r\n                        <h3>\ud83d\udd04 For exchanges<\/h3>\r\n                        <p>Contact <strong>Binta<\/strong> :<\/p>\r\n                        <a href=\"mailto:contact@lrc-services.fr\">contact@lrc-services.fr<\/a>\r\n                    <\/div>\r\n                    <div class=\"contact-card\">\r\n                        <h3>\ud83d\udcb0 For refunds<\/h3>\r\n                        <p>Contact <strong>Marielle<\/strong> :<\/p>\r\n                        <a href=\"mailto:marimika@marimika.com\">marimika@marimika.com<\/a>\r\n                    <\/div>\r\n                <\/div>\r\n            <\/section>\r\n\r\n            <section class=\"cgv-article\" id=\"conditions\">\r\n                <h2>3. Conditions and deadlines<\/h2>\r\n                <p>\r\n                    Exchanges or refunds are processed promptly, provided the product is not irreversibly damaged.\r\n                <\/p>\r\n                <p>\r\n                    <strong>Deadline: You have one month (from the date of receipt of your order) to return your package and send us an email. This gives you plenty of time to decide \ud83d\ude0a.<\/strong> 1 month from receipt of the order.\r\n                <\/p>\r\n            <\/section>\r\n\r\n            <div class=\"eco-note\">\r\n                <p><strong>\ud83c\udf3f A small gesture for the planet:<\/strong><\/p>\r\n                <p>\r\n                    Consult our size guides before ordering to avoid unnecessary returns.\r\n                <\/p>\r\n            <\/div>\r\n\r\n            <div class=\"signature\">\r\n                <p>A thousand thanks for your trust \u2764\ufe0f<\/p>\r\n                <p><strong>Marielle<\/strong> \u2013 Marimika<\/p>\r\n            <\/div>\r\n\r\n        <\/div>\r\n    <\/main>\r\n<\/div>\r\n\r\n<script>\r\n    const tocList = document.getElementById('toc-list');\r\n    document.querySelectorAll('.cgv-article').forEach(article => {\r\n        const title = article.querySelector('h2');\r\n        const id = article.id;\r\n        const li = document.createElement('li');\r\n        li.innerHTML = `<a href=\"#${id}\">${title.textContent}<\/a>`;\r\n        tocList.appendChild(li);\r\n    });\r\n<\/script>\r\n\r\n<\/body>\r\n<\/html>\r\n\t\t\t\t<\/div>\n\t\t\t\t<\/div>\n\t\t\t\t<\/div>","protected":false},"excerpt":{"rendered":"<p>Politique de Remboursement &#8211; Marimika Sommaire Politique de Remboursement \u00c9changes et retours en toute s\u00e9r\u00e9nit\u00e9 \ud83d\udce6 1. Proc\u00e9dure de retour Pour \u00e9changer ou \u00eatre rembours\u00e9(e), il vous suffit de nous retourner gratuitement l&#8217;article ou les articles concern\u00e9(s) dans leur \u00e9tat initial. Utilisez l\u2019\u00e9tiquette de retour re\u00e7ue dans votre colis et \u00e9crivez-nous \u00e0 marimika@marimika.com en pr\u00e9cisant votre choix. 2. Qui contacter ? \ud83d\udd04 Pour les \u00e9changes Contactez Binta : contact@lrc-services.fr \ud83d\udcb0 Pour les remboursements Contactez Marielle : marimika@marimika.com 3. Conditions et d\u00e9lais L\u2019\u00e9change ou le remboursement est effectu\u00e9 rapidement, sous r\u00e9serve que le produit ne soit pas endommag\u00e9 de mani\u00e8re irr\u00e9versible. D\u00e9lai : 1 mois \u00e0 compter de la r\u00e9ception de la commande. \ud83c\udf3f Un petit geste pour la plan\u00e8te : Consultez nos guides de tailles avant commande afin d\u2019\u00e9viter les retours inutiles. 1000 mercis pour votre confiance \u2764\ufe0f Marielle \u2013 Marimika<\/p>","protected":false},"author":1,"featured_media":0,"parent":0,"menu_order":0,"comment_status":"closed","ping_status":"closed","template":"elementor_header_footer","meta":{"_eb_attr":"","_uag_custom_page_level_css":"","footnotes":""},"class_list":["post-2359","page","type-page","status-publish","hentry"],"_hostinger_reach_plugin_has_subscription_block":false,"_hostinger_reach_plugin_is_elementor":false,"uagb_featured_image_src":{"full":false,"thumbnail":false,"medium":false,"medium_large":false,"large":false,"ts_portfolio_thumb":false,"ts_team_thumb":false,"ts_testimonial_thumb":false,"ts_logo_thumb":false,"1536x1536":false,"2048x2048":false,"trp-custom-language-flag":false,"woocommerce_thumbnail":false,"woocommerce_single":false,"woocommerce_gallery_thumbnail":false,"yobazar_menu_icon_thumb":false,"yobazar_blog_thumb":false,"yobazar_product_cat":false},"uagb_author_info":{"display_name":"wade mamita","author_link":"https:\/\/marimika.com\/en\/author\/amane-mouniagmail-com\/"},"uagb_comment_info":0,"uagb_excerpt":"Politique de Remboursement &#8211; Marimika Sommaire Politique de Remboursement \u00c9changes et retours en toute s\u00e9r\u00e9nit\u00e9 \ud83d\udce6 1. Proc\u00e9dure de retour Pour \u00e9changer ou \u00eatre rembours\u00e9(e), il vous suffit de nous retourner gratuitement l&#8217;article ou les articles concern\u00e9(s) dans leur \u00e9tat initial. Utilisez l\u2019\u00e9tiquette de retour re\u00e7ue dans votre colis et \u00e9crivez-nous \u00e0 marimika@marimika.com en pr\u00e9cisant&hellip;","_links":{"self":[{"href":"https:\/\/marimika.com\/en\/wp-json\/wp\/v2\/pages\/2359","targetHints":{"allow":["GET"]}}],"collection":[{"href":"https:\/\/marimika.com\/en\/wp-json\/wp\/v2\/pages"}],"about":[{"href":"https:\/\/marimika.com\/en\/wp-json\/wp\/v2\/types\/page"}],"author":[{"embeddable":true,"href":"https:\/\/marimika.com\/en\/wp-json\/wp\/v2\/users\/1"}],"replies":[{"embeddable":true,"href":"https:\/\/marimika.com\/en\/wp-json\/wp\/v2\/comments?post=2359"}],"version-history":[{"count":31,"href":"https:\/\/marimika.com\/en\/wp-json\/wp\/v2\/pages\/2359\/revisions"}],"predecessor-version":[{"id":2594,"href":"https:\/\/marimika.com\/en\/wp-json\/wp\/v2\/pages\/2359\/revisions\/2594"}],"wp:attachment":[{"href":"https:\/\/marimika.com\/en\/wp-json\/wp\/v2\/media?parent=2359"}],"curies":[{"name":"wp","href":"https:\/\/api.w.org\/{rel}","templated":true}]}}